{"id":3137,"date":"2014-04-15T14:02:26","date_gmt":"2014-04-15T14:02:26","guid":{"rendered":"https:\/\/www.voilesenvoiles.com\/en\/?page_id=3137"},"modified":"2026-04-08T20:52:57","modified_gmt":"2026-04-08T20:52:57","slug":"faq","status":"publish","type":"page","link":"https:\/\/www.voilesenvoiles.com\/en\/faq\/","title":{"rendered":"Foire aux Questions"},"content":{"rendered":"","protected":false},"excerpt":{"rendered":"","protected":false},"author":1,"featured_media":0,"parent":0,"menu_order":0,"comment_status":"open","ping_status":"open","template":"","meta":{"footnotes":""},"class_list":["post-3137","page","type-page","status-publish","hentry"],"yoast_head":"<!-- This site is optimized with the Yoast SEO plugin v27.3 - https:\/\/yoast.com\/product\/yoast-seo-wordpress\/ -->\n<title>Questions fr\u00e9quemment pos\u00e9es | Voiles en Voiles<\/title>\n<meta name=\"description\" content=\"Questions fr\u00e9quemment pos\u00e9es sur les activit\u00e9s, les tarifs, la s\u00e9curit\u00e9 et les r\u00e9servations au parc th\u00e9matique familial Voiles en Voiles.\" \/>\n<meta name=\"robots\" content=\"index, follow, max-snippet:-1, max-image-preview:large, max-video-preview:-1\" \/>\n<link rel=\"canonical\" href=\"https:\/\/www.voilesenvoiles.com\/en\/faq\/\" \/>\n<meta property=\"og:locale\" content=\"en_US\" \/>\n<meta property=\"og:type\" content=\"article\" \/>\n<meta property=\"og:title\" content=\"Questions fr\u00e9quemment pos\u00e9es | Voiles en Voiles\" \/>\n<meta property=\"og:description\" content=\"Questions fr\u00e9quemment pos\u00e9es sur les activit\u00e9s, les tarifs, la s\u00e9curit\u00e9 et les r\u00e9servations au parc th\u00e9matique familial Voiles en Voiles.\" \/>\n<meta property=\"og:url\" content=\"https:\/\/www.voilesenvoiles.com\/en\/faq\/\" \/>\n<meta property=\"og:site_name\" content=\"Voiles en Voiles\" \/>\n<meta property=\"article:publisher\" content=\"https:\/\/www.facebook.com\/voilesenvoiles\" \/>\n<meta property=\"article:modified_time\" content=\"2026-04-08T20:52:57+00:00\" \/>\n<meta name=\"twitter:card\" content=\"summary_large_image\" \/>\n<meta name=\"twitter:site\" content=\"@voilesenvoiles\" \/>\n<script type=\"application\/ld+json\" class=\"yoast-schema-graph\">{\"@context\":\"https:\\\/\\\/schema.org\",\"@graph\":[{\"@type\":\"WebPage\",\"@id\":\"https:\\\/\\\/www.voilesenvoiles.com\\\/en\\\/faq\\\/\",\"url\":\"https:\\\/\\\/www.voilesenvoiles.com\\\/en\\\/faq\\\/\",\"name\":\"Questions fr\u00e9quemment pos\u00e9es | Voiles en Voiles\",\"isPartOf\":{\"@id\":\"https:\\\/\\\/www.voilesenvoiles.com\\\/en\\\/#website\"},\"datePublished\":\"2014-04-15T14:02:26+00:00\",\"dateModified\":\"2026-04-08T20:52:57+00:00\",\"description\":\"Questions fr\u00e9quemment pos\u00e9es sur les activit\u00e9s, les tarifs, la s\u00e9curit\u00e9 et les r\u00e9servations au parc th\u00e9matique familial Voiles en Voiles.\",\"breadcrumb\":{\"@id\":\"https:\\\/\\\/www.voilesenvoiles.com\\\/en\\\/faq\\\/#breadcrumb\"},\"inLanguage\":\"en-US\",\"potentialAction\":[{\"@type\":\"ReadAction\",\"target\":[\"https:\\\/\\\/www.voilesenvoiles.com\\\/en\\\/faq\\\/\"]}]},{\"@type\":\"BreadcrumbList\",\"@id\":\"https:\\\/\\\/www.voilesenvoiles.com\\\/en\\\/faq\\\/#breadcrumb\",\"itemListElement\":[{\"@type\":\"ListItem\",\"position\":1,\"name\":\"Home\",\"item\":\"https:\\\/\\\/www.voilesenvoiles.com\\\/en\\\/home\\\/\"},{\"@type\":\"ListItem\",\"position\":2,\"name\":\"Foire aux Questions\"}]},{\"@type\":\"WebSite\",\"@id\":\"https:\\\/\\\/www.voilesenvoiles.com\\\/en\\\/#website\",\"url\":\"https:\\\/\\\/www.voilesenvoiles.com\\\/en\\\/\",\"name\":\"Voiles en Voiles\",\"description\":\"Voiles en Voiles\",\"publisher\":{\"@id\":\"https:\\\/\\\/www.voilesenvoiles.com\\\/en\\\/#organization\"},\"potentialAction\":[{\"@type\":\"SearchAction\",\"target\":{\"@type\":\"EntryPoint\",\"urlTemplate\":\"https:\\\/\\\/www.voilesenvoiles.com\\\/en\\\/?s={search_term_string}\"},\"query-input\":{\"@type\":\"PropertyValueSpecification\",\"valueRequired\":true,\"valueName\":\"search_term_string\"}}],\"inLanguage\":\"en-US\"},{\"@type\":\"Organization\",\"@id\":\"https:\\\/\\\/www.voilesenvoiles.com\\\/en\\\/#organization\",\"name\":\"Voiles en Voiles\",\"url\":\"https:\\\/\\\/www.voilesenvoiles.com\\\/en\\\/\",\"logo\":{\"@type\":\"ImageObject\",\"inLanguage\":\"en-US\",\"@id\":\"https:\\\/\\\/www.voilesenvoiles.com\\\/en\\\/#\\\/schema\\\/logo\\\/image\\\/\",\"url\":\"https:\\\/\\\/www.voilesenvoiles.com\\\/wp-content\\\/uploads\\\/2016\\\/05\\\/VeV_logo-partenariat.png\",\"contentUrl\":\"https:\\\/\\\/www.voilesenvoiles.com\\\/wp-content\\\/uploads\\\/2016\\\/05\\\/VeV_logo-partenariat.png\",\"width\":135,\"height\":160,\"caption\":\"Voiles en Voiles\"},\"image\":{\"@id\":\"https:\\\/\\\/www.voilesenvoiles.com\\\/en\\\/#\\\/schema\\\/logo\\\/image\\\/\"},\"sameAs\":[\"https:\\\/\\\/www.facebook.com\\\/voilesenvoiles\",\"https:\\\/\\\/x.com\\\/voilesenvoiles\",\"https:\\\/\\\/instagram.com\\\/voilesenvoiles\"]}]}<\/script>\n<!-- \/ Yoast SEO plugin. -->","yoast_head_json":{"title":"Questions fr\u00e9quemment pos\u00e9es | Voiles en Voiles","description":"Questions fr\u00e9quemment pos\u00e9es sur les activit\u00e9s, les tarifs, la s\u00e9curit\u00e9 et les r\u00e9servations au parc th\u00e9matique familial Voiles en Voiles.","robots":{"index":"index","follow":"follow","max-snippet":"max-snippet:-1","max-image-preview":"max-image-preview:large","max-video-preview":"max-video-preview:-1"},"canonical":"https:\/\/www.voilesenvoiles.com\/en\/faq\/","og_locale":"en_US","og_type":"article","og_title":"Questions fr\u00e9quemment pos\u00e9es | Voiles en Voiles","og_description":"Questions fr\u00e9quemment pos\u00e9es sur les activit\u00e9s, les tarifs, la s\u00e9curit\u00e9 et les r\u00e9servations au parc th\u00e9matique familial Voiles en Voiles.","og_url":"https:\/\/www.voilesenvoiles.com\/en\/faq\/","og_site_name":"Voiles en Voiles","article_publisher":"https:\/\/www.facebook.com\/voilesenvoiles","article_modified_time":"2026-04-08T20:52:57+00:00","twitter_card":"summary_large_image","twitter_site":"@voilesenvoiles","schema":{"@context":"https:\/\/schema.org","@graph":[{"@type":"WebPage","@id":"https:\/\/www.voilesenvoiles.com\/en\/faq\/","url":"https:\/\/www.voilesenvoiles.com\/en\/faq\/","name":"Questions fr\u00e9quemment pos\u00e9es | Voiles en Voiles","isPartOf":{"@id":"https:\/\/www.voilesenvoiles.com\/en\/#website"},"datePublished":"2014-04-15T14:02:26+00:00","dateModified":"2026-04-08T20:52:57+00:00","description":"Questions fr\u00e9quemment pos\u00e9es sur les activit\u00e9s, les tarifs, la s\u00e9curit\u00e9 et les r\u00e9servations au parc th\u00e9matique familial Voiles en Voiles.","breadcrumb":{"@id":"https:\/\/www.voilesenvoiles.com\/en\/faq\/#breadcrumb"},"inLanguage":"en-US","potentialAction":[{"@type":"ReadAction","target":["https:\/\/www.voilesenvoiles.com\/en\/faq\/"]}]},{"@type":"BreadcrumbList","@id":"https:\/\/www.voilesenvoiles.com\/en\/faq\/#breadcrumb","itemListElement":[{"@type":"ListItem","position":1,"name":"Home","item":"https:\/\/www.voilesenvoiles.com\/en\/home\/"},{"@type":"ListItem","position":2,"name":"Foire aux Questions"}]},{"@type":"WebSite","@id":"https:\/\/www.voilesenvoiles.com\/en\/#website","url":"https:\/\/www.voilesenvoiles.com\/en\/","name":"Voiles en Voiles","description":"Voiles en Voiles","publisher":{"@id":"https:\/\/www.voilesenvoiles.com\/en\/#organization"},"potentialAction":[{"@type":"SearchAction","target":{"@type":"EntryPoint","urlTemplate":"https:\/\/www.voilesenvoiles.com\/en\/?s={search_term_string}"},"query-input":{"@type":"PropertyValueSpecification","valueRequired":true,"valueName":"search_term_string"}}],"inLanguage":"en-US"},{"@type":"Organization","@id":"https:\/\/www.voilesenvoiles.com\/en\/#organization","name":"Voiles en Voiles","url":"https:\/\/www.voilesenvoiles.com\/en\/","logo":{"@type":"ImageObject","inLanguage":"en-US","@id":"https:\/\/www.voilesenvoiles.com\/en\/#\/schema\/logo\/image\/","url":"https:\/\/www.voilesenvoiles.com\/wp-content\/uploads\/2016\/05\/VeV_logo-partenariat.png","contentUrl":"https:\/\/www.voilesenvoiles.com\/wp-content\/uploads\/2016\/05\/VeV_logo-partenariat.png","width":135,"height":160,"caption":"Voiles en Voiles"},"image":{"@id":"https:\/\/www.voilesenvoiles.com\/en\/#\/schema\/logo\/image\/"},"sameAs":["https:\/\/www.facebook.com\/voilesenvoiles","https:\/\/x.com\/voilesenvoiles","https:\/\/instagram.com\/voilesenvoiles"]}]}},"_links":{"self":[{"href":"https:\/\/www.voilesenvoiles.com\/en\/wp-json\/wp\/v2\/pages\/3137","targetHints":{"allow":["GET"]}}],"collection":[{"href":"https:\/\/www.voilesenvoiles.com\/en\/wp-json\/wp\/v2\/pages"}],"about":[{"href":"https:\/\/www.voilesenvoiles.com\/en\/wp-json\/wp\/v2\/types\/page"}],"author":[{"embeddable":true,"href":"https:\/\/www.voilesenvoiles.com\/en\/wp-json\/wp\/v2\/users\/1"}],"replies":[{"embeddable":true,"href":"https:\/\/www.voilesenvoiles.com\/en\/wp-json\/wp\/v2\/comments?post=3137"}],"version-history":[{"count":4,"href":"https:\/\/www.voilesenvoiles.com\/en\/wp-json\/wp\/v2\/pages\/3137\/revisions"}],"predecessor-version":[{"id":6872,"href":"https:\/\/www.voilesenvoiles.com\/en\/wp-json\/wp\/v2\/pages\/3137\/revisions\/6872"}],"wp:attachment":[{"href":"https:\/\/www.voilesenvoiles.com\/en\/wp-json\/wp\/v2\/media?parent=3137"}],"curies":[{"name":"wp","href":"https:\/\/api.w.org\/{rel}","templated":true}]}}